{"id":1646,"date":"2017-06-08T18:24:09","date_gmt":"2017-06-08T18:24:09","guid":{"rendered":"https:\/\/purdental.wpenginepowered.com\/?page_id=1646"},"modified":"2026-04-13T14:52:57","modified_gmt":"2026-04-13T14:52:57","slug":"notre-equipe","status":"publish","type":"page","link":"https:\/\/pur.ca\/fr\/notre-equipe\/","title":{"rendered":"Notre \u00c9quipe"},"content":{"rendered":"<h2>Notre plus grande richesse est notre \u00e9quipe<\/h2>\n<p class=\"normal\">\nNos assistant(e)s et hygi\u00e9nistes dentaires sont des professionnels attentionn\u00e9s et passionn\u00e9s par leur travail. Ils sont motiv\u00e9s \u00e0 offrir des soins de la plus haute qualit\u00e9 et \u00e0 assurer les meilleurs r\u00e9sultats pour nos patients.\n<\/p>\n<p><!-- DENTISTES --><\/p>\n<section class=\"team-section full-bg\">\n<div class=\"team-container\">\n<h2>Notre \u00e9quipe de dentistes<\/h2>\n<p class=\"team-desc\">\n      Nos dentistes sont des professionnels hautement qualifi\u00e9s, engag\u00e9s \u00e0 offrir des soins personnalis\u00e9s en utilisant des techniques modernes afin d\u2019assurer une sant\u00e9 bucco-dentaire optimale.\n    <\/p>\n<div class=\"our-team-grid-wrapper\">\n            <div class=\"team-card\">\n\n              <div class=\"team-img\">\n            <a href=\"https:\/\/pur.ca\/fr\/our-team\/dr-naeimeh-parsaei\/\">\n            <img loading=\"lazy\" decoding=\"async\" src=\"https:\/\/pur.ca\/wp-content\/uploads\/2026\/02\/Dr-Naeimeh-Parsaei.png\" alt=\"Dr. Naeimeh Parsaei\" width=\"220\" height=\"220\" title=\"\">\n    <\/a>\n       \n    <\/div>\n\n                <h4 class=\"team-title\">Dr. Naeimeh Parsaei<\/h4>\n\n                                    <div class=\"position\">Dentistes<\/div>\n                \n                \n\n    <a href=\"https:\/\/pur.ca\/fr\/our-team\/dr-naeimeh-parsaei\/\" class=\"team-btn\">\n        En savoir plus    <\/a>\n\n            <\/div>\n\n            \n            <div class=\"team-card\">\n\n              <div class=\"team-img\">\n            <a href=\"https:\/\/pur.ca\/fr\/our-team\/dr-sasan-bayat-makou\/\">\n            <img loading=\"lazy\" decoding=\"async\" src=\"https:\/\/pur.ca\/wp-content\/uploads\/2026\/02\/Dr-Sasan-Bayat-Makou-1.jpg\" alt=\"Dr. Sasan Bayat-Makou\" width=\"220\" height=\"220\" title=\"\">\n    <\/a>\n       \n    <\/div>\n\n                <h4 class=\"team-title\">Dr. Sasan Bayat-Makou<\/h4>\n\n                                    <div class=\"position\">Dentistes<\/div>\n                \n                \n\n    <a href=\"https:\/\/pur.ca\/fr\/our-team\/dr-sasan-bayat-makou\/\" class=\"team-btn\">\n        En savoir plus    <\/a>\n\n            <\/div>\n\n            \n            <div class=\"team-card\">\n\n              <div class=\"team-img\">\n            <a href=\"https:\/\/pur.ca\/fr\/our-team\/dr-camil-rafla\/\">\n            <img loading=\"lazy\" decoding=\"async\" src=\"https:\/\/pur.ca\/wp-content\/uploads\/2026\/02\/Dr-Camil-Rafla.jpg\" alt=\"Dr. Camil Rafla\" width=\"220\" height=\"220\" title=\"\">\n    <\/a>\n       \n    <\/div>\n\n                <h4 class=\"team-title\">Dr. Camil Rafla<\/h4>\n\n                                    <div class=\"position\">Dentistes<\/div>\n                \n                \n\n    <a href=\"https:\/\/pur.ca\/fr\/our-team\/dr-camil-rafla\/\" class=\"team-btn\">\n        En savoir plus    <\/a>\n\n            <\/div>\n\n            \n            <div class=\"team-card\">\n\n              <div class=\"team-img\">\n            <a href=\"https:\/\/pur.ca\/fr\/our-team\/dr-javad-alizadeh\/\">\n            <img loading=\"lazy\" decoding=\"async\" src=\"https:\/\/pur.ca\/wp-content\/uploads\/2026\/03\/Dr-Javad-Alizadeh-1.jpg\" alt=\"Dr. Javad Alizadeh\" width=\"220\" height=\"220\" title=\"\">\n    <\/a>\n       \n    <\/div>\n\n                <h4 class=\"team-title\">Dr. Javad Alizadeh<\/h4>\n\n                                    <div class=\"position\">Dentistes<\/div>\n                \n                \n\n    <a href=\"https:\/\/pur.ca\/fr\/our-team\/dr-javad-alizadeh\/\" class=\"team-btn\">\n        En savoir plus    <\/a>\n\n            <\/div>\n\n            \n            <div class=\"team-card\">\n\n              <div class=\"team-img\">\n            <a href=\"https:\/\/pur.ca\/fr\/our-team\/dr-kevin-yuan\/\">\n            <img loading=\"lazy\" decoding=\"async\" src=\"https:\/\/pur.ca\/wp-content\/uploads\/2026\/03\/Dr-Kevin-Yuan-1.jpg\" alt=\"Dr. Kevin Yuan\" width=\"220\" height=\"220\" title=\"\">\n    <\/a>\n       \n    <\/div>\n\n                <h4 class=\"team-title\">Dr. Kevin Yuan<\/h4>\n\n                                    <div class=\"position\">Dentistes<\/div>\n                \n                \n\n    <a href=\"https:\/\/pur.ca\/fr\/our-team\/dr-kevin-yuan\/\" class=\"team-btn\">\n        En savoir plus    <\/a>\n\n            <\/div>\n\n            \n            <div class=\"team-card\">\n\n              <div class=\"team-img\">\n            <a href=\"https:\/\/pur.ca\/fr\/our-team\/dr-elias-terzibachi\/\">\n            <img loading=\"lazy\" decoding=\"async\" src=\"https:\/\/pur.ca\/wp-content\/uploads\/2026\/03\/Dr-Elias-Terzibachi.webp\" alt=\"Dr. Elias Terzibachi\" width=\"220\" height=\"220\" title=\"\">\n    <\/a>\n       \n    <\/div>\n\n                <h4 class=\"team-title\">Dr. Elias Terzibachi<\/h4>\n\n                                    <div class=\"position\">Dentistes<\/div>\n                \n                \n\n    <a href=\"https:\/\/pur.ca\/fr\/our-team\/dr-elias-terzibachi\/\" class=\"team-btn\">\n        En savoir plus    <\/a>\n\n            <\/div>\n\n            \n            <div class=\"team-card\">\n\n              <div class=\"team-img\">\n            <a href=\"https:\/\/pur.ca\/fr\/our-team\/dr-aya-abdelkarim\/\">\n            <img loading=\"lazy\" decoding=\"async\" src=\"https:\/\/pur.ca\/wp-content\/uploads\/2026\/03\/Dr-Aya-Abdelkarim-1.jpg\" alt=\"Dr. Aya Abdelkarim\" width=\"220\" height=\"220\" title=\"\">\n    <\/a>\n       \n    <\/div>\n\n                <h4 class=\"team-title\">Dr. Aya Abdelkarim<\/h4>\n\n                                    <div class=\"position\">Dentistes<\/div>\n                \n                \n\n    <a href=\"https:\/\/pur.ca\/fr\/our-team\/dr-aya-abdelkarim\/\" class=\"team-btn\">\n        En savoir plus    <\/a>\n\n            <\/div>\n\n            <\/div><\/div>\n<\/section>\n<p><!-- HYGI\u00c9NISTES --><\/p>\n<section class=\"team-section bg-grey\">\n<div class=\"team-container\">\n<h2>Notre \u00e9quipe d\u2019hygi\u00e9nistes dentaires<\/h2>\n<p class=\"team-desc\">\n      Nos hygi\u00e9nistes se concentrent sur la pr\u00e9vention et l\u2019\u00e9ducation des patients afin de vous aider \u00e0 maintenir un sourire en sant\u00e9 \u00e0 long terme.\n    <\/p>\n<div class=\"our-team-grid-wrapper\">\n            <div class=\"team-card\">\n\n              <div class=\"team-img\">\n                        <img loading=\"lazy\" decoding=\"async\" src=\"https:\/\/pur.ca\/wp-content\/uploads\/2026\/03\/Rebecca-Vail.jpg\" alt=\"Rebecca Vail\" width=\"220\" height=\"220\" class=\"non-clickable-team-img\" title=\"\">\n    <\/div>\n\n                <h4 class=\"team-title\">Rebecca Vail<\/h4>\n\n                                    <div class=\"position\">Hygi\u00e9nistes<\/div>\n                \n                \n\n\n            <\/div>\n\n            \n            <div class=\"team-card\">\n\n              <div class=\"team-img\">\n                        <img loading=\"lazy\" decoding=\"async\" src=\"https:\/\/pur.ca\/wp-content\/uploads\/2026\/03\/Ruby-Ramos-G-1.jpg\" alt=\"Ruby Ramos-G\" width=\"220\" height=\"220\" class=\"non-clickable-team-img\" title=\"\">\n    <\/div>\n\n                <h4 class=\"team-title\">Ruby Ramos-G<\/h4>\n\n                                    <div class=\"position\">Hygi\u00e9nistes<\/div>\n                \n                \n\n\n            <\/div>\n\n            \n            <div class=\"team-card\">\n\n              <div class=\"team-img\">\n                        <img loading=\"lazy\" decoding=\"async\" src=\"https:\/\/pur.ca\/wp-content\/uploads\/2026\/03\/Cynthia-Bacalla.jpg\" alt=\"Cynthia Bacalla\" width=\"220\" height=\"220\" class=\"non-clickable-team-img\" title=\"\">\n    <\/div>\n\n                <h4 class=\"team-title\">Cynthia Bacalla<\/h4>\n\n                                    <div class=\"position\">Hygi\u00e9nistes<\/div>\n                \n                \n\n\n            <\/div>\n\n            \n            <div class=\"team-card\">\n\n              <div class=\"team-img\">\n                        <img loading=\"lazy\" decoding=\"async\" src=\"https:\/\/pur.ca\/wp-content\/uploads\/2026\/03\/Pryia-Chandel-1.jpg\" alt=\"Pryia Chande\" width=\"220\" height=\"220\" class=\"non-clickable-team-img\" title=\"\">\n    <\/div>\n\n                <h4 class=\"team-title\">Pryia Chande<\/h4>\n\n                                    <div class=\"position\">Hygi\u00e9nistes<\/div>\n                \n                \n\n\n            <\/div>\n\n            \n            <div class=\"team-card\">\n\n              <div class=\"team-img\">\n                        <img loading=\"lazy\" decoding=\"async\" src=\"https:\/\/pur.ca\/wp-content\/uploads\/2026\/03\/Cerina-Rueda.webp\" alt=\"Cerina Rueda\" width=\"220\" height=\"220\" class=\"non-clickable-team-img\" title=\"\">\n    <\/div>\n\n                <h4 class=\"team-title\">Cerina Rueda<\/h4>\n\n                                    <div class=\"position\">Hygi\u00e9nistes<\/div>\n                \n                \n\n\n            <\/div>\n\n            <\/div><\/div>\n<\/section>\n<section class=\"team-section bg-pink full-sec-container\">\n<div class=\"team-container\">\n<div class=\"row\">\n<div class=\"col-lg-6 img-col dental-assistants\">\n<div class=\"grp-img full\">\n      <img loading=\"lazy\" decoding=\"async\" src=\"https:\/\/pur.ca\/wp-content\/uploads\/2026\/04\/pur_dental_assistance_group-4.jpg\" alt=\"Dental Assistants\" width=\"1000\" height=\"667\" class=\"alignnone size-full wp-image-3238\" title=\"\">\n    <\/div>\n<\/div>\n<div class=\"col-lg-6 content-col\">\n<h2>Notre \u00e9quipe <br \/> d\u2019assistants dentaires<\/h2>\n<p class=\"team-desc\">\n      Nos assistants soutiennent chaque intervention avec efficacit\u00e9 et attention, assurant une exp\u00e9rience confortable pour chaque patient.\n    <\/p>\n<\/p><\/div>\n<\/div><\/div>\n<\/section>\n<p><!-- ADMINISTRATION --><\/p>\n<section class=\"team-section\">\n<div class=\"team-container\">\n<h2>Notre \u00e9quipe administrative<\/h2>\n<p class=\"team-desc\">\n      Notre \u00e9quipe administrative veille au bon fonctionnement de la clinique et soutient autant les patients que le personnel.\n    <\/p>\n<div class=\"our-team-grid-wrapper\">\n            <div class=\"team-card\">\n\n              <div class=\"team-img\">\n                        <img loading=\"lazy\" decoding=\"async\" src=\"https:\/\/pur.ca\/wp-content\/uploads\/2026\/03\/Hossein-Hashemi-title-in-admi.jpg\" alt=\"Hossein Hashemi\" width=\"220\" height=\"220\" class=\"non-clickable-team-img\" title=\"\">\n    <\/div>\n\n                <h4 class=\"team-title\">Hossein Hashemi<\/h4>\n\n                                    <div class=\"position\">Directeur g\u00e9n\u00e9ral<\/div>\n                \n                \n\n\n            <\/div>\n\n            \n            <div class=\"team-card\">\n\n              <div class=\"team-img\">\n                        <img loading=\"lazy\" decoding=\"async\" src=\"https:\/\/pur.ca\/wp-content\/uploads\/2026\/03\/Kamilya-Kaddouri-title-in-admi.jpg\" alt=\"Kamilya Kaddouri\" width=\"220\" height=\"220\" class=\"non-clickable-team-img\" title=\"\">\n    <\/div>\n\n                <h4 class=\"team-title\">Kamilya Kaddouri<\/h4>\n\n                                    <div class=\"position\">Responsable de la gestion et de la coordination clinique<\/div>\n                \n                \n\n\n            <\/div>\n\n            \n            <div class=\"team-card\">\n\n              <div class=\"team-img\">\n                        <img loading=\"lazy\" decoding=\"async\" src=\"https:\/\/pur.ca\/wp-content\/uploads\/2026\/03\/Amir-Hossein-Taebi-title-in-ad.jpg\" alt=\"Amir Hossein Taebi\" width=\"220\" height=\"220\" class=\"non-clickable-team-img\" title=\"\">\n    <\/div>\n\n                <h4 class=\"team-title\">Amir Hossein Taebi<\/h4>\n\n                                    <div class=\"position\">Coordinateur des op\u00e9rations<\/div>\n                \n                \n\n\n            <\/div>\n\n            <\/div><\/div>\n<\/section>\n<p><!-- RECEPTION --><\/p>\n<section class=\"team-section bg-pink full-sec-container\">\n<div class=\"team-container\">\n<div class=\"row\">\n<div class=\"col-lg-6 content-col\">\n<h2>Notre \u00e9quipe <br \/> \u00e0 l\u2019accueil<\/h2>\n<p class=\"team-desc\">\n      Notre \u00e9quipe \u00e0 l\u2019accueil vous accompagne pour la prise de rendez-vous, vos questions et le bon d\u00e9roulement de votre visite.\n    <\/p>\n<\/p><\/div>\n<div class=\"col-lg-6 team-receptionists img-col\">\n<div class=\"grp-img full\">\n   <img loading=\"lazy\" decoding=\"async\" src=\"https:\/\/pur.ca\/wp-content\/uploads\/2026\/04\/pur_receptionists_group-4.jpg\" alt=\"Receptionist\" width=\"800\" height=\"533\" class=\"alignnone size-full wp-image-3236\" title=\"\">\n    <\/div>\n<\/div>\n<\/div><\/div>\n<\/section>\n","protected":false},"excerpt":{"rendered":"<p>Notre plus grande richesse est notre \u00e9quipe Nos assistant(e)s et hygi\u00e9nistes dentaires sont des professionnels attentionn\u00e9s et passionn\u00e9s par leur [&hellip;]<\/p>\n","protected":false},"author":107,"featured_media":0,"parent":0,"menu_order":0,"comment_status":"closed","ping_status":"closed","template":"","meta":{"_acf_changed":false,"_genesis_hide_title":false,"_genesis_hide_breadcrumbs":false,"_genesis_hide_singular_image":false,"_genesis_hide_footer_widgets":false,"_genesis_custom_body_class":"our-team","_genesis_custom_post_class":"","_genesis_layout":"","footnotes":""},"class_list":{"0":"post-1646","1":"page","2":"type-page","3":"status-publish","5":"entry"},"acf":[],"_links":{"self":[{"href":"https:\/\/pur.ca\/fr\/wp-json\/wp\/v2\/pages\/1646","targetHints":{"allow":["GET"]}}],"collection":[{"href":"https:\/\/pur.ca\/fr\/wp-json\/wp\/v2\/pages"}],"about":[{"href":"https:\/\/pur.ca\/fr\/wp-json\/wp\/v2\/types\/page"}],"author":[{"embeddable":true,"href":"https:\/\/pur.ca\/fr\/wp-json\/wp\/v2\/users\/107"}],"replies":[{"embeddable":true,"href":"https:\/\/pur.ca\/fr\/wp-json\/wp\/v2\/comments?post=1646"}],"version-history":[{"count":5,"href":"https:\/\/pur.ca\/fr\/wp-json\/wp\/v2\/pages\/1646\/revisions"}],"predecessor-version":[{"id":3345,"href":"https:\/\/pur.ca\/fr\/wp-json\/wp\/v2\/pages\/1646\/revisions\/3345"}],"wp:attachment":[{"href":"https:\/\/pur.ca\/fr\/wp-json\/wp\/v2\/media?parent=1646"}],"curies":[{"name":"wp","href":"https:\/\/api.w.org\/{rel}","templated":true}]}}