{"id":1622,"date":"2017-05-29T21:26:23","date_gmt":"2017-05-29T21:26:23","guid":{"rendered":"https:\/\/purdental.wpenginepowered.com\/?page_id=1622"},"modified":"2026-04-13T15:40:31","modified_gmt":"2026-04-13T15:40:31","slug":"home","status":"publish","type":"page","link":"https:\/\/pur.ca\/fr\/","title":{"rendered":"Home"},"content":{"rendered":"\r\n<div class=\"hp-hero hp-section full-height align-center orange-bg\">\r\n<div class=\"pur-image\">\r\n<div class=\"valign-middle-table\">\r\n<div class=\"valign-middle-cell\">\r\n<p class=\"bigger\"><img class=\"home-pur-logo\" src=\"\/wp-content\/themes\/genesis-sample\/images\/pur-white.svg\" \/><\/p>\r\n\r\n<\/div>\r\n<\/div>\r\n<\/div>\r\n<div class=\"cycle-slideshow\" data-cycle-slides=\"&gt; &lt;p&gt; div\" data-cycle-random=\"true\" data-cycle-timeout=\"0\">\r\n<div class=\"valign-middle-table\">\r\n<div class=\"valign-middle-cell\">\r\n<p class=\"bigger\">adorez\r\nvotre sourire<\/p>\r\n\r\n<\/div>\r\n<\/div>\r\n<div class=\"valign-middle-table\">\r\n<div class=\"valign-middle-cell\">\r\n<p class=\"bigger\">dorlotez vos dents<\/p>\r\n\r\n<\/div>\r\n<\/div>\r\n<\/div>\r\n<div class=\"next-section anchor-link\"><\/div>\r\n<\/div>\r\n<div id=\"welcome\" class=\"hp-section full-height valign-middle-table orange-bg\">\r\n<div class=\"valign-middle-cell\">\r\n<h1>Votre dentiste attentionn\u00e9 de Pointe-Claire<\/h1>\r\n<h2>BIENVENUE AU CENTRE DENTAIRE PUR<\/h2>\r\n<p class=\"big align-left\">Faites l\u2019exp\u00e9rience de la diff\u00e9rence PUR, votre clinique dentaire \u00e0 Pointe-Claire. Notre \u00e9quipe prend le temps de vous \u00e9couter, d\u2019expliquer et de conseiller les meilleures options de soins dentaires \u00e0 votre disposition, afin que vous vous sentiez \u00e0 l\u2019aise et en confiance \u00e0 chaque \u00e9tape du processus.<\/p>\r\n\r\n<\/div>\r\n<\/div>\r\n\n    <div class=\"pur-sticky-header\">\n        <div class=\"custom-header non-sticky\">\r\n\t<div class=\"wrap\">\r\n\t\t<div class=\"logo-wrapper\" style=\"display: none;\"><a href=\"https:\/\/pur.ca\/fr\/\"><img decoding=\"async\" src=\"https:\/\/pur.ca\/wp-content\/themes\/genesis-sample\/images\/pur.svg\" alt=\"logo\" title=\"\"><\/a><\/div>\r\n\t    \r\n\t    <a id=\"trigger-mobile\" class=\"mobile-menu-button\" href=\"#\">\r\n\t\t\t<span class=\"burger-bar\"><\/span>\r\n\t\t\t<span class=\"burger-bar\"><\/span>\r\n\t\t\t<span class=\"burger-bar\"><\/span>\r\n\t\t<\/a>\t\t\r\n\r\n\t\t<div class=\"nav-wrapper\">\r\n\t    <div class=\"custom-nav-secondary\">\r\n\t\t\t    <ul class=\"language-switcher\"><li><a href=\"https:\/\/pur.ca\/\">EN<\/a><\/li><\/ul>\t\t\t    <ul class=\"contact-info\">\r\n\t\t\t    \t<li class=\"location\"><a href=\"https:\/\/www.google.com.ph\/maps\/place\/955+Boul+Saint-Jean+%23302,+Pointe-Claire,+QC+H9R+4Y2,+Canada\/@45.4688984,-73.8314,17z\/data=!3m1!4b1!4m5!3m4!1s0x4cc93c7af4e4ff93:0xc2d847226a9d0215!8m2!3d45.4688947!4d-73.8292113?hl=en\" target=\"_blank\" rel=\"noopener\"><i class=\"fa fa-map-marker\" aria-hidden=\"true\"><\/i><span style=\"display: none;\">\r\n                   \r\n                    O\u00d9 NOUS TROUVER                   \r\n                    <\/span><\/a><\/li>\r\n\t\t\t    \t<li class=\"phone-number\"><a href=\"tel:514.694.8880\"><i class=\"fa fa-phone\" aria-hidden=\"true\"><\/i><span style=\"display: none;\">+514.694.8880<\/span><\/a><\/li>\r\n\t\t\t\t    <\/ul>\r\n\t\t<\/div>\r\n\r\n\t    <nav id=\"genesis-nav-primary\" class=\"nav-primary\" role=\"navigation\">\r\n\t            <ul id=\"menu-main-menu\" class=\"genesis-nav-menu menu-primary\"><li id=\"menu-item-1677\" class=\"menu-item menu-item-type-post_type menu-item-object-page menu-item-home menu-item-1677\"><a href=\"https:\/\/pur.ca\/fr\/\" itemprop=\"url\"><span>Accueil<\/span><\/a><\/li>\n<li id=\"menu-item-1678\" class=\"menu-item menu-item-type-custom menu-item-object-custom menu-item-has-children menu-item-1678\"><a href=\"#\" itemprop=\"url\"><span>A Propos<\/span><\/a>\n<ul class=\"sub-menu\">\n\t<li id=\"menu-item-1680\" class=\"menu-item menu-item-type-post_type menu-item-object-page menu-item-1680\"><a href=\"https:\/\/pur.ca\/fr\/notre-equipe\/\" itemprop=\"url\"><span>Notre \u00c9quipe<\/span><\/a><\/li>\n<\/ul>\n<\/li>\n<li id=\"menu-item-1681\" class=\"menu-item menu-item-type-custom menu-item-object-custom menu-item-has-children menu-item-1681\"><a href=\"#\" itemprop=\"url\"><span>Services<\/span><\/a>\n<ul class=\"sub-menu\">\n\t<li id=\"menu-item-2200\" class=\"menu-item menu-item-type-custom menu-item-object-custom menu-item-2200\"><a href=\"https:\/\/pur.ca\/fr\/service\/examens-de-suivi-nettoyages-et-plombages\/\" itemprop=\"url\"><span>Examens de suivi, nettoyages et plombages<\/span><\/a><\/li>\n\t<li id=\"menu-item-2201\" class=\"menu-item menu-item-type-custom menu-item-object-custom menu-item-2201\"><a href=\"https:\/\/pur.ca\/fr\/service\/parodontie-traitement-des-gencives\/\" itemprop=\"url\"><span>Parodontie (traitement des gencives)<\/span><\/a><\/li>\n\t<li id=\"menu-item-2202\" class=\"menu-item menu-item-type-custom menu-item-object-custom menu-item-2202\"><a href=\"https:\/\/pur.ca\/fr\/service\/traitement-de-canal\/\" itemprop=\"url\"><span>Traitement de canal<\/span><\/a><\/li>\n\t<li id=\"menu-item-2203\" class=\"menu-item menu-item-type-custom menu-item-object-custom menu-item-2203\"><a href=\"https:\/\/pur.ca\/fr\/service\/couronne\/\" itemprop=\"url\"><span>Couronne<\/span><\/a><\/li>\n\t<li id=\"menu-item-2204\" class=\"menu-item menu-item-type-custom menu-item-object-custom menu-item-2204\"><a href=\"https:\/\/pur.ca\/fr\/service\/wisdom-teeth-extractions\/\" itemprop=\"url\"><span>Extraction des dents de sagesse<\/span><\/a><\/li>\n\t<li id=\"menu-item-2205\" class=\"menu-item menu-item-type-custom menu-item-object-custom menu-item-2205\"><a href=\"https:\/\/pur.ca\/fr\/service\/dents-manquantes-et-implants\/\" itemprop=\"url\"><span>Dents manquantes et implants<\/span><\/a><\/li>\n\t<li id=\"menu-item-2206\" class=\"menu-item menu-item-type-custom menu-item-object-custom menu-item-2206\"><a href=\"https:\/\/pur.ca\/fr\/service\/blanchiment-et-zoom\/\" itemprop=\"url\"><span>Blanchiment et ZOOM<\/span><\/a><\/li>\n\t<li id=\"menu-item-2207\" class=\"menu-item menu-item-type-custom menu-item-object-custom menu-item-2207\"><a href=\"https:\/\/pur.ca\/fr\/service\/invisalignmd\/\" itemprop=\"url\"><span>Invisalign<sup>MD<\/sup><\/span><\/a><\/li>\n\t<li id=\"menu-item-2198\" class=\"menu-item menu-item-type-custom menu-item-object-custom menu-item-2198\"><a href=\"https:\/\/pur.ca\/fr\/service\/facettes-dentaires\/\" itemprop=\"url\"><span>Facettes dentaires<\/span><\/a><\/li>\n<\/ul>\n<\/li>\n<li id=\"menu-item-1690\" class=\"menu-item menu-item-type-post_type menu-item-object-page menu-item-1690\"><a href=\"https:\/\/pur.ca\/fr\/votre-premier-rendez-vous\/\" itemprop=\"url\"><span>Votre premier rendez-vous<\/span><\/a><\/li>\n<li id=\"menu-item-1691\" class=\"menu-item menu-item-type-post_type menu-item-object-page current_page_parent menu-item-1691\"><a href=\"https:\/\/pur.ca\/fr\/blogue\/\" itemprop=\"url\"><span>Blogue<\/span><\/a><\/li>\n<li id=\"menu-item-1692\" class=\"menu-item menu-item-type-post_type menu-item-object-page menu-item-1692\"><a href=\"https:\/\/pur.ca\/fr\/zone-denfants\/\" itemprop=\"url\"><span>Zone d\u2019enfants<\/span><\/a><\/li>\n<li id=\"menu-item-1693\" class=\"menu-item menu-item-type-post_type menu-item-object-page menu-item-1693\"><a href=\"https:\/\/pur.ca\/fr\/promotions\/\" itemprop=\"url\"><span>Promotions<\/span><\/a><\/li>\n<li id=\"menu-item-1694\" class=\"menu-item menu-item-type-post_type menu-item-object-page menu-item-1694\"><a href=\"https:\/\/pur.ca\/fr\/nous-joindre\/\" itemprop=\"url\"><span>NOUS JOINDRE<\/span><\/a><\/li>\n<\/ul>\t            <div class=\"clearfix\"><\/div>\r\n\t    \t\t    <ul style=\"display: none;\" class=\"social-media-icons\">\r\n\t\t\t\t\t\t<li><a href=\"https:\/\/www.facebook.com\/MTL-Dentistry-202825676455450\/\" target=\"_blank\" rel=\"noopener\"><i class=\"fa fa-facebook\" aria-hidden=\"true\"><\/i><\/a><\/li>\r\n\t\t\t\t\t\t<li><a href=\"https:\/\/www.instagram.com\/pursmiles\/\" target=\"_blank\" rel=\"noopener\"><i class=\"fa fa-instagram\" aria-hidden=\"true\"><\/i><\/a><\/li>\r\n\t\t\t\t\t\t<li><a href=\"https:\/\/plus.google.com\/u\/0\/b\/111287597673440840317\/111287597673440840317\" target=\"_blank\" rel=\"noopener\"><i class=\"fa fa-google-plus\" aria-hidden=\"true\"><\/i><\/a><\/li>\r\n\t\t\t\t\t\t<li><a href=\"https:\/\/www.youtube.com\/channel\/UC4Vqd8DSqS4Uq76SJP0c55w\" target=\"_blank\" rel=\"noopener\"><i class=\"fa fa-youtube\" aria-hidden=\"true\"><\/i><\/a><\/li>\r\n\t\t\t\t\t\t<li><a href=\"https:\/\/www.linkedin.com\/company-beta\/2365029\/\" target=\"_blank\" rel=\"noopener\"><i class=\"fa fa-linkedin\" aria-hidden=\"true\"><\/i><\/a><\/li>\r\n\t\t    <\/ul>\t            \r\n\t    <\/nav>\r\n\r\n\r\n\r\n\t\t<\/div>\r\n\t<\/div>\r\n\r\n\r\n<!-- \t<div class=\"sticky-header\">\r\n\t\t<div class=\"wrap\">\r\n\r\n\t\t\t<div class=\"logo-wrapper\"><a href=\"https:\/\/pur.ca\/fr\/\"><img decoding=\"async\" src=\"https:\/\/pur.ca\/wp-content\/themes\/genesis-sample\/images\/logo.png\" alt=\"logo\" title=\"\"><\/a><\/div>\r\n\t\t    <a id=\"trigger-mobile\" class=\"mobile-menu-button\" href=\"#\">\r\n\t\t\t\t<span class=\"burger-bar\"><\/span>\r\n\t\t\t\t<span class=\"burger-bar\"><\/span>\r\n\t\t\t\t<span class=\"burger-bar\"><\/span>\r\n\t\t\t<\/a>\t\r\n\t\t<\/div>\r\n\t<\/div> -->\r\n\r\n<\/div>\r\n\r\n<div class=\"sticky-placeholder\"><\/div>\r\n\r\n<!--<a id=\"back_to_top\" href=\"#\" class=\"on\">-->\r\n<!--\t<span class=\"fa-stack\">-->\r\n<!--\t\t<i class=\"fa fa-angle-up\" style=\"\"><\/i>-->\r\n<!--\t<\/span>-->\r\n<!--<\/a>-->\r\n\r\n<div class=\"pur-sticky-fix\"><\/div>    <\/div>\n\n\r\n<div id=\"services\" class=\"hp-section services-section\">\r\n<h2>NOS SERVICES<\/h2>\r\n<div class=\"wrap\" style=\"padding-bottom: 60px;\">\r\n<p style=\"font-size: 19.5px; line-height: 130% !important;\">Au Centre Dentaire PUR, nous offrons des soins dentaires complets aux familles et aux professionnels de l'Ouest-de-l'\u00cele, le tout sous un m\u00eame toit. Des examens de routine aux traitements esth\u00e9tiques avanc\u00e9s, nous prenons le temps de vous \u00e9couter, de vous expliquer et de nous assurer que vous recevez le service attentionn\u00e9 et les soins de qualit\u00e9 que vous m\u00e9ritez.<\/p>\r\n<\/div>\r\n\n<ol>\n<li>\n<h3><a href=\"https:\/\/pur.ca\/fr\/service\/examens-de-suivi-nettoyages-et-plombages\/\"><img decoding=\"async\" alt=\"Examens de suivi, nettoyage et plombages\" src=\"https:\/\/pur.ca\/wp-content\/uploads\/2017\/05\/service-icon-1.png\" title=\"Dr. Camil Rafla 3\">Examens de suivi, nettoyage et plombages<\/a><\/h3>\n<\/li>\n<li>\n<h3><a href=\"https:\/\/pur.ca\/fr\/service\/parodontie-traitement-des-gencives\/\"><img decoding=\"async\" alt=\"Parodontie (traitement des gencives)\" src=\"https:\/\/pur.ca\/wp-content\/uploads\/2017\/05\/service-icon-2.png\" title=\"Dr. Camil Rafla 4\">Parodontie (traitement des gencives)<\/a><\/h3>\n<\/li>\n<li>\n<h3><a href=\"https:\/\/pur.ca\/fr\/service\/traitement-de-canal\/\"><img decoding=\"async\" alt=\"Traitement de canal\" src=\"https:\/\/pur.ca\/wp-content\/uploads\/2017\/05\/service-icon-3.png\" title=\"Dr. Camil Rafla 5\">Traitement de canal<\/a><\/h3>\n<\/li>\n<li>\n<h3><a href=\"https:\/\/pur.ca\/fr\/service\/couronne\/\"><img decoding=\"async\" alt=\"Couronne\" src=\"https:\/\/pur.ca\/wp-content\/uploads\/2017\/05\/service-icon-4.png\" title=\"Dr. Camil Rafla 6\">Couronne<\/a><\/h3>\n<\/li>\n<li>\n<h3><a href=\"https:\/\/pur.ca\/fr\/service\/wisdom-teeth-extractions\/\"><img decoding=\"async\" alt=\"Extraction des dents de sagesse\" src=\"https:\/\/pur.ca\/wp-content\/uploads\/2017\/05\/service-icon-5.png\" title=\"Dr. Camil Rafla 7\">Extraction des dents de sagesse<\/a><\/h3>\n<\/li>\n<li>\n<h3><a href=\"https:\/\/pur.ca\/fr\/service\/dents-manquantes-et-implants\/\"><img decoding=\"async\" alt=\"Dents manquantes et implants\" src=\"https:\/\/pur.ca\/wp-content\/uploads\/2017\/05\/service-icon-6.png\" title=\"Dr. Camil Rafla 8\">Dents manquantes et implants<\/a><\/h3>\n<\/li>\n<li>\n<h3><a href=\"https:\/\/pur.ca\/fr\/service\/blanchiment-et-zoom\/\"><img decoding=\"async\" alt=\"Blanchiment et ZOOM\" src=\"https:\/\/pur.ca\/wp-content\/uploads\/2017\/05\/service-icon-8.png\" title=\"Dr. Camil Rafla 9\">Blanchiment et ZOOM<\/a><\/h3>\n<\/li>\n<li>\n<h3><a href=\"https:\/\/pur.ca\/fr\/service\/invisalignmd\/\"><img decoding=\"async\" alt=\"Invisalign&lt;sup&gt;MD&lt;\/sup&gt;\" src=\"https:\/\/pur.ca\/wp-content\/uploads\/2017\/05\/service-icon-7.png\" title=\"\">Invisalign<sup>MD<\/sup><\/a><\/h3>\n<\/li>\n<li>\n<h3><a href=\"https:\/\/pur.ca\/fr\/service\/facettes-dentaires\/\"><img decoding=\"async\" alt=\"Facettes dentaires\" src=\"https:\/\/pur.ca\/wp-content\/uploads\/2017\/05\/dental-veneer.png\" title=\"Dr. Camil Rafla 10\">Facettes dentaires<\/a><\/h3>\n<\/li>\n<\/ol>\n\r\n\r\n<\/div>\r\n<div class=\"hp-section purdentistry-section orange-bg\">\r\n<h2>FAITES L\u2019EXP\u00c9RIENCE DE LA DIFF\u00c9RENCE PUR<\/h2>\r\n<p class=\"bigger v2\">#purdentistry<\/p>\r\n\r\n<\/div>\r\n<div class=\"hp-section team-section\">\r\n<h2>NOTRE \u00c9QUIPE<\/h2>\r\n<div class=\"wrap\">\r\n<h3>Notre plus grande richesse est notre \u00e9quipe.<\/h3>\r\nLes assistant(e)s et hygi\u00e9nistes dentaires de notre clinique dentaire de Pointe-Claire sont des professionnels formidables, sympathiques et attentionn\u00e9s qui adorent leur travail. Tous sont motiv\u00e9s \u00e0 fournir des soins de la plus haute qualit\u00e9 dans le souci d'assurer les meilleurs r\u00e9sultats \u00e0 nos patients.\r\n\r\n\r\n<\/div>\r\n<\/div>\r\n\r\n<div class=\"hp-section blue-bg dentist-section\">\r\n<h2>NOS DENTISTES<\/h2>\r\n<div class=\"wrap\" style=\"color:#fff;padding-bottom: 60px;\">\r\nNos dentistes exp\u00e9riment\u00e9s dirigent une \u00e9quipe attentionn\u00e9e et d\u00e9vou\u00e9e qui traite chaque patient comme un membre de la famille. Ensemble, nous faisons de votre confort et de votre sant\u00e9 buccodentaire nos priorit\u00e9s absolues.\r\n<\/div>\r\n\n<div class=\"home-dentist-slider\">\n<div class=\"swiper team-slider\"><div class=\"swiper-wrapper\">\n            <div class=\"swiper-slide\">\n                <div class=\"team-card\">\n\n                    <div class=\"team-img\">\n                                                        <a href=\"https:\/\/pur.ca\/fr\/our-team\/dr-naeimeh-parsaei\/\">\n            <img loading=\"lazy\" decoding=\"async\" src=\"https:\/\/pur.ca\/wp-content\/uploads\/2026\/02\/Dr-Naeimeh-Parsaei.png\" alt=\"Dr. Naeimeh Parsaei\" width=\"220\" height=\"220\" title=\"\">\n    <\/a>\n                                            <\/div>\n\n                    <h4 class=\"team-title\">Dr. Naeimeh Parsaei<\/h4>\n\n                                            <div class=\"position\">Dentistes<\/div>\n                    \n                                            <a href=\"https:\/\/pur.ca\/fr\/our-team\/dr-naeimeh-parsaei\/\" class=\"team-btn\">\n                            En savoir plus                        <\/a>\n                    \n                <\/div>\n            <\/div>\n\n            \n            <div class=\"swiper-slide\">\n                <div class=\"team-card\">\n\n                    <div class=\"team-img\">\n                                                        <a href=\"https:\/\/pur.ca\/fr\/our-team\/dr-sasan-bayat-makou\/\">\n            <img loading=\"lazy\" decoding=\"async\" src=\"https:\/\/pur.ca\/wp-content\/uploads\/2026\/02\/Dr-Sasan-Bayat-Makou-1.jpg\" alt=\"Dr. Sasan Bayat-Makou\" width=\"220\" height=\"220\" title=\"\">\n    <\/a>\n                                            <\/div>\n\n                    <h4 class=\"team-title\">Dr. Sasan Bayat-Makou<\/h4>\n\n                                            <div class=\"position\">Dentistes<\/div>\n                    \n                                            <a href=\"https:\/\/pur.ca\/fr\/our-team\/dr-sasan-bayat-makou\/\" class=\"team-btn\">\n                            En savoir plus                        <\/a>\n                    \n                <\/div>\n            <\/div>\n\n            \n            <div class=\"swiper-slide\">\n                <div class=\"team-card\">\n\n                    <div class=\"team-img\">\n                                                        <a href=\"https:\/\/pur.ca\/fr\/our-team\/dr-camil-rafla\/\">\n            <img loading=\"lazy\" decoding=\"async\" src=\"https:\/\/pur.ca\/wp-content\/uploads\/2026\/02\/Dr-Camil-Rafla.jpg\" alt=\"Dr. Camil Rafla\" width=\"220\" height=\"220\" title=\"\">\n    <\/a>\n                                            <\/div>\n\n                    <h4 class=\"team-title\">Dr. Camil Rafla<\/h4>\n\n                                            <div class=\"position\">Dentistes<\/div>\n                    \n                                            <a href=\"https:\/\/pur.ca\/fr\/our-team\/dr-camil-rafla\/\" class=\"team-btn\">\n                            En savoir plus                        <\/a>\n                    \n                <\/div>\n            <\/div>\n\n            \n            <div class=\"swiper-slide\">\n                <div class=\"team-card\">\n\n                    <div class=\"team-img\">\n                                                        <a href=\"https:\/\/pur.ca\/fr\/our-team\/dr-javad-alizadeh\/\">\n            <img loading=\"lazy\" decoding=\"async\" src=\"https:\/\/pur.ca\/wp-content\/uploads\/2026\/03\/Dr-Javad-Alizadeh-1.jpg\" alt=\"Dr. Javad Alizadeh\" width=\"220\" height=\"220\" title=\"\">\n    <\/a>\n                                            <\/div>\n\n                    <h4 class=\"team-title\">Dr. Javad Alizadeh<\/h4>\n\n                                            <div class=\"position\">Dentistes<\/div>\n                    \n                                            <a href=\"https:\/\/pur.ca\/fr\/our-team\/dr-javad-alizadeh\/\" class=\"team-btn\">\n                            En savoir plus                        <\/a>\n                    \n                <\/div>\n            <\/div>\n\n            \n            <div class=\"swiper-slide\">\n                <div class=\"team-card\">\n\n                    <div class=\"team-img\">\n                                                        <a href=\"https:\/\/pur.ca\/fr\/our-team\/dr-kevin-yuan\/\">\n            <img loading=\"lazy\" decoding=\"async\" src=\"https:\/\/pur.ca\/wp-content\/uploads\/2026\/03\/Dr-Kevin-Yuan-1.jpg\" alt=\"Dr. Kevin Yuan\" width=\"220\" height=\"220\" title=\"\">\n    <\/a>\n                                            <\/div>\n\n                    <h4 class=\"team-title\">Dr. Kevin Yuan<\/h4>\n\n                                            <div class=\"position\">Dentistes<\/div>\n                    \n                                            <a href=\"https:\/\/pur.ca\/fr\/our-team\/dr-kevin-yuan\/\" class=\"team-btn\">\n                            En savoir plus                        <\/a>\n                    \n                <\/div>\n            <\/div>\n\n            \n            <div class=\"swiper-slide\">\n                <div class=\"team-card\">\n\n                    <div class=\"team-img\">\n                                                        <a href=\"https:\/\/pur.ca\/fr\/our-team\/dr-elias-terzibachi\/\">\n            <img loading=\"lazy\" decoding=\"async\" src=\"https:\/\/pur.ca\/wp-content\/uploads\/2026\/03\/Dr-Elias-Terzibachi.webp\" alt=\"Dr. Elias Terzibachi\" width=\"220\" height=\"220\" title=\"\">\n    <\/a>\n                                            <\/div>\n\n                    <h4 class=\"team-title\">Dr. Elias Terzibachi<\/h4>\n\n                                            <div class=\"position\">Dentistes<\/div>\n                    \n                                            <a href=\"https:\/\/pur.ca\/fr\/our-team\/dr-elias-terzibachi\/\" class=\"team-btn\">\n                            En savoir plus                        <\/a>\n                    \n                <\/div>\n            <\/div>\n\n            \n            <div class=\"swiper-slide\">\n                <div class=\"team-card\">\n\n                    <div class=\"team-img\">\n                                                        <a href=\"https:\/\/pur.ca\/fr\/our-team\/dr-aya-abdelkarim\/\">\n            <img loading=\"lazy\" decoding=\"async\" src=\"https:\/\/pur.ca\/wp-content\/uploads\/2026\/03\/Dr-Aya-Abdelkarim-1.jpg\" alt=\"Dr. Aya Abdelkarim\" width=\"220\" height=\"220\" title=\"\">\n    <\/a>\n                                            <\/div>\n\n                    <h4 class=\"team-title\">Dr. Aya Abdelkarim<\/h4>\n\n                                            <div class=\"position\">Dentistes<\/div>\n                    \n                                            <a href=\"https:\/\/pur.ca\/fr\/our-team\/dr-aya-abdelkarim\/\" class=\"team-btn\">\n                            En savoir plus                        <\/a>\n                    \n                <\/div>\n            <\/div>\n\n            <\/div><div class=\"swiper-button-next\"><\/div><div class=\"swiper-button-prev\"><\/div><div class=\"swiper-pagination\"><\/div><\/div>\n<\/div>\n<p>\r\n\r\n<\/div>\r\n<div class=\"hp-section team-section\">\r\n<h2>PARCE QUE TOUT LE MONDE M\u00c9RITE DES SOINS DENTAIRES DE QUALIT\u00c9<\/h2>\r\n<div class=\"wrap\">\r\nAu Centre Dentaire PUR, nous croyons que tout le monde devrait avoir acc\u00e8s \u00e0 des soins dentaires de haute qualit\u00e9. Que vous soyez couvert par une assurance priv\u00e9e ou par le R\u00e9gime canadien de soins dentaires (RCSD), ou que vous recherchiez des options de paiement flexibles, notre clinique dentaire de Pointe-Claire est l\u00e0 pour prodiguer des soins dentaires accessibles, pratiques et sans stress aux patients de l'Ouest de l'\u00cele.\r\n<\/div>\r\n<div style=\"display: flex; flex-wrap: wrap;padding: 60px;justify-content: center; \">\r\n  <div style=\"flex: 1 1 50%;\">\r\n    <h3>R\u00e9gime canadien de soins dentaires (RCSD)<\/h3>\r\n    <p>\r\n      Le Centre dentaire PUR est fier de participer au R\u00e9gime canadien de soins dentaires (RCSD), qui permet aux patients admissibles de recevoir des soins dentaires essentiels \u00e0 co\u00fbt r\u00e9duit ou sans frais. Notre \u00e9quipe peut vous aider \u00e0 v\u00e9rifier votre couverture et votre admissibilit\u00e9, ainsi que vous guider dans les \u00e9tapes \u00e0 suivre, afin que vous puissiez vous concentrer sur votre sourire plut\u00f4t que sur la paperasse.\r\n    <\/p>\r\n  <\/div>\r\n  <div style=\"flex: 1 1 50%;\">\r\n    <h3 >Options de financement flexibles<\/h3>\r\n    <p>\r\n      Nous comprenons que les soins dentaires constituent un investissement important pour votre sant\u00e9 et votre confiance. C'est pourquoi nous proposons des plans de financement flexibles pour des traitements tels que <a href=\"https:\/\/pur.ca\/fr\/service\/facettes-dentaires\/\">facettes dentaires<\/a>, <a href=\"https:\/\/pur.ca\/fr\/service\/invisalignmd\/\">InvisalignMD<\/a>, <a href=\"https:\/\/pur.ca\/fr\/service\/dents-manquantes-et-implants\/\">implants dentaires<\/a>, and <a href=\"https:\/\/pur.ca\/fr\/service\/couronne\/\">couronnes<\/a>, with payments that fit comfortably within your budget.\r\n    <\/p>\r\n  <\/div>\r\n  <span style=\"margin-top: 60px;\"><a class=\"pur-button\" href=\"https:\/\/pur.ca\/fr\/nous-joindre\/\" style=\"padding:20px;\"   >DISCUTONS DE VOS OPTIONS<\/a><\/span>\r\n<\/div>\r\n<\/div>\r\n<div class=\"hp-section gray-bg newsletter-section\">\r\n\r\n<span class=\"section-heading\"><img src=\"\/wp-content\/themes\/genesis-sample\/images\/medium-white-teeth-icon.png\" \/><\/span>\r\n<p class=\"bigger\">smile on<\/p>\r\n\r\n<div class=\"newsletter-form\">\r\n<h3 style=\"padding-bottom:20px\">Rejoignez notre communaut\u00e9, inscrivez-vous \u00e0 notre infolettre!<\/h3>\r\n<script>(function() {\n\twindow.mc4wp = window.mc4wp || {\n\t\tlisteners: [],\n\t\tforms: {\n\t\t\ton: function(evt, cb) {\n\t\t\t\twindow.mc4wp.listeners.push(\n\t\t\t\t\t{\n\t\t\t\t\t\tevent   : evt,\n\t\t\t\t\t\tcallback: cb\n\t\t\t\t\t}\n\t\t\t\t);\n\t\t\t}\n\t\t}\n\t}\n})();\n<\/script><!-- Mailchimp for WordPress v4.12.2 - https:\/\/wordpress.org\/plugins\/mailchimp-for-wp\/ --><form id=\"mc4wp-form-1\" class=\"mc4wp-form mc4wp-form-22\" method=\"post\" data-id=\"22\" data-name=\"General Optin Form\" ><div class=\"mc4wp-form-fields\"><input type=\u201dhidden\u201d class=\"mc-language\" name=\u201dMC_LANGUAGE\u201d value=\u201d{language}\u201d \/><input type=\"email\" name=\"EMAIL\" placeholder=\"VOTRE ADRESSE COURRIEL\" required \/><input type=\"submit\" value=\"S\u2019INSCRIRE\" \/><\/div><label style=\"display: none !important;\">Leave this field empty if you're human: <input type=\"text\" name=\"_mc4wp_honeypot\" value=\"\" tabindex=\"-1\" autocomplete=\"off\" \/><\/label><input type=\"hidden\" name=\"_mc4wp_timestamp\" value=\"1776868813\" \/><input type=\"hidden\" name=\"_mc4wp_form_id\" value=\"22\" \/><input type=\"hidden\" name=\"_mc4wp_form_element_id\" value=\"mc4wp-form-1\" \/><div class=\"mc4wp-response\"><\/div><\/form><!-- \/ Mailchimp for WordPress Plugin --><\/p>\n<\/div>\n<\/div>\n","protected":false},"excerpt":{"rendered":"<p>Examens de suivi, nettoyage et plombages Parodontie (traitement des gencives) Traitement de canal Couronne Extraction des dents de sagesse Dents [&hellip;]<\/p>\n","protected":false},"author":107,"featured_media":0,"parent":0,"menu_order":0,"comment_status":"closed","ping_status":"closed","template":"","meta":{"_acf_changed":false,"_genesis_hide_title":false,"_genesis_hide_breadcrumbs":false,"_genesis_hide_singular_image":false,"_genesis_hide_footer_widgets":false,"_genesis_custom_body_class":"","_genesis_custom_post_class":"","_genesis_layout":"","footnotes":""},"class_list":{"0":"post-1622","1":"page","2":"type-page","3":"status-publish","5":"entry"},"acf":[],"_links":{"self":[{"href":"https:\/\/pur.ca\/fr\/wp-json\/wp\/v2\/pages\/1622","targetHints":{"allow":["GET"]}}],"collection":[{"href":"https:\/\/pur.ca\/fr\/wp-json\/wp\/v2\/pages"}],"about":[{"href":"https:\/\/pur.ca\/fr\/wp-json\/wp\/v2\/types\/page"}],"author":[{"embeddable":true,"href":"https:\/\/pur.ca\/fr\/wp-json\/wp\/v2\/users\/107"}],"replies":[{"embeddable":true,"href":"https:\/\/pur.ca\/fr\/wp-json\/wp\/v2\/comments?post=1622"}],"version-history":[{"count":22,"href":"https:\/\/pur.ca\/fr\/wp-json\/wp\/v2\/pages\/1622\/revisions"}],"predecessor-version":[{"id":3351,"href":"https:\/\/pur.ca\/fr\/wp-json\/wp\/v2\/pages\/1622\/revisions\/3351"}],"wp:attachment":[{"href":"https:\/\/pur.ca\/fr\/wp-json\/wp\/v2\/media?parent=1622"}],"curies":[{"name":"wp","href":"https:\/\/api.w.org\/{rel}","templated":true}]}}